{"id":489,"date":"2020-10-16T17:41:01","date_gmt":"2020-10-16T14:41:01","guid":{"rendered":"https:\/\/www.grafas.org\/demo01\/?page_id=489"},"modified":"2024-10-03T12:56:59","modified_gmt":"2024-10-03T09:56:59","slug":"about-us","status":"publish","type":"page","link":"https:\/\/methisotel.com\/en\/about-us\/","title":{"rendered":"About Us"},"content":{"rendered":"\t\t<div data-elementor-type=\"wp-page\" data-elementor-id=\"489\" class=\"elementor elementor-489\" data-elementor-post-type=\"page\">\n\t\t\t\t\t\t<section class=\"elementor-section elementor-top-section elementor-element elementor-element-8828dd8 elementor-section-height-min-height elementor-section-items-bottom elementor-section-boxed elementor-section-height-default\" data-id=\"8828dd8\" data-element_type=\"section\" data-settings=\"{&quot;background_background&quot;:&quot;classic&quot;}\">\n\t\t\t\t\t\t\t<div class=\"elementor-background-overlay\"><\/div>\n\t\t\t\t\t\t\t<div class=\"elementor-container elementor-column-gap-default\">\n\t\t\t\t\t<div class=\"elementor-column elementor-col-100 elementor-top-column elementor-element elementor-element-6d43801\" data-id=\"6d43801\" data-element_type=\"column\">\n\t\t\t<div class=\"elementor-widget-wrap elementor-element-populated\">\n\t\t\t\t\t\t<div class=\"elementor-element elementor-element-a258529 elementor-widget__width-initial elementor-widget elementor-widget-heading\" data-id=\"a258529\" data-element_type=\"widget\" data-widget_type=\"heading.default\">\n\t\t\t\t<div class=\"elementor-widget-container\">\n\t\t\t<h1 class=\"elementor-heading-title elementor-size-default\">About Us<\/h1>\t\t<\/div>\n\t\t\t\t<\/div>\n\t\t\t\t<div class=\"elementor-element elementor-element-9a9b4e4 elementor-hidden-phone elementor-widget elementor-widget-spacer\" data-id=\"9a9b4e4\" data-element_type=\"widget\" data-widget_type=\"spacer.default\">\n\t\t\t\t<div class=\"elementor-widget-container\">\n\t\t\t\t\t<div class=\"elementor-spacer\">\n\t\t\t<div class=\"elementor-spacer-inner\"><\/div>\n\t\t<\/div>\n\t\t\t\t<\/div>\n\t\t\t\t<\/div>\n\t\t\t\t\t<\/div>\n\t\t<\/div>\n\t\t\t\t\t<\/div>\n\t\t<\/section>\n\t\t\t\t<section class=\"elementor-section elementor-top-section elementor-element elementor-element-34b828a elementor-reverse-mobile elementor-section-boxed elementor-section-height-default elementor-section-height-default\" data-id=\"34b828a\" data-element_type=\"section\">\n\t\t\t\t\t\t<div class=\"elementor-container elementor-column-gap-default\">\n\t\t\t\t\t<div class=\"elementor-column elementor-col-50 elementor-top-column elementor-element elementor-element-aef019a\" data-id=\"aef019a\" data-element_type=\"column\">\n\t\t\t<div class=\"elementor-widget-wrap elementor-element-populated\">\n\t\t\t\t\t\t<div class=\"elementor-element elementor-element-10a8d9a elementor-widget elementor-widget-heading\" data-id=\"10a8d9a\" data-element_type=\"widget\" data-widget_type=\"heading.default\">\n\t\t\t\t<div class=\"elementor-widget-container\">\n\t\t\t<h2 class=\"elementor-heading-title elementor-size-default\">Methis Hotel About Us<\/h2>\t\t<\/div>\n\t\t\t\t<\/div>\n\t\t\t\t<div class=\"elementor-element elementor-element-aa6e41c elementor-widget-divider--view-line_text elementor-widget-divider--element-align-right elementor-widget elementor-widget-divider\" data-id=\"aa6e41c\" data-element_type=\"widget\" data-widget_type=\"divider.default\">\n\t\t\t\t<div class=\"elementor-widget-container\">\n\t\t\t\t\t<div class=\"elementor-divider\">\n\t\t\t<span class=\"elementor-divider-separator\">\n\t\t\t\t\t\t\t<span class=\"elementor-divider__text elementor-divider__element\">\n\t\t\t\tComfort and Elegance Waiting for You\t\t\t\t<\/span>\n\t\t\t\t\t\t<\/span>\n\t\t<\/div>\n\t\t\t\t<\/div>\n\t\t\t\t<\/div>\n\t\t\t\t<div class=\"elementor-element elementor-element-5236828 elementor-widget elementor-widget-text-editor\" data-id=\"5236828\" data-element_type=\"widget\" data-widget_type=\"text-editor.default\">\n\t\t\t\t<div class=\"elementor-widget-container\">\n\t\t\t\t\t\t\t<p>Located in the most beautiful location of Kar\u015f\u0131yaka, the pearl of the Aegean, METH\u0130S HOTEL is located on Anadolu Street, which is easily accessible by our guests. It is 2 km away from Atat\u00fcrk Organised Industrial Zone. One of the aims of our establishment is to address the industrial zone and health institutions.<\/p><p>Our hotel offers comfort for every need with its 30-room city hotel concept. Our rooms have free wifi, led TV, minibar, air conditioning, electronic safe, tea\/coffee and hair dryer. We make our guests comfortable with open car park and valet service.<\/p>\t\t\t\t\t\t<\/div>\n\t\t\t\t<\/div>\n\t\t\t\t\t<\/div>\n\t\t<\/div>\n\t\t\t\t<div class=\"elementor-column elementor-col-50 elementor-top-column elementor-element elementor-element-beed6a0\" data-id=\"beed6a0\" data-element_type=\"column\" data-settings=\"{&quot;background_background&quot;:&quot;classic&quot;}\">\n\t\t\t<div class=\"elementor-widget-wrap elementor-element-populated\">\n\t\t\t\t\t\t<div class=\"elementor-element elementor-element-7e5643c elementor-widget elementor-widget-image\" data-id=\"7e5643c\" data-element_type=\"widget\" data-widget_type=\"image.default\">\n\t\t\t\t<div class=\"elementor-widget-container\">\n\t\t\t\t\t\t\t\t\t\t\t\t\t<img fetchpriority=\"high\" decoding=\"async\" width=\"900\" height=\"600\" src=\"https:\/\/methisotel.com\/en\/wp-content\/uploads\/2024\/09\/methis-otel-galeri-24.webp\" class=\"attachment-large size-large wp-image-1333\" alt=\"\" srcset=\"https:\/\/methisotel.com\/en\/wp-content\/uploads\/2024\/09\/methis-otel-galeri-24.webp 900w, https:\/\/methisotel.com\/en\/wp-content\/uploads\/2024\/09\/methis-otel-galeri-24-300x200.webp 300w, https:\/\/methisotel.com\/en\/wp-content\/uploads\/2024\/09\/methis-otel-galeri-24-768x512.webp 768w\" sizes=\"(max-width: 900px) 100vw, 900px\" \/>\t\t\t\t\t\t\t\t\t\t\t\t\t<\/div>\n\t\t\t\t<\/div>\n\t\t\t\t\t<\/div>\n\t\t<\/div>\n\t\t\t\t\t<\/div>\n\t\t<\/section>\n\t\t\t\t<section class=\"elementor-section elementor-top-section elementor-element elementor-element-b625db2 elementor-section-boxed elementor-section-height-default elementor-section-height-default\" data-id=\"b625db2\" data-element_type=\"section\">\n\t\t\t\t\t\t<div class=\"elementor-container elementor-column-gap-default\">\n\t\t\t\t\t<div class=\"elementor-column elementor-col-50 elementor-top-column elementor-element elementor-element-c4ba45f\" data-id=\"c4ba45f\" data-element_type=\"column\">\n\t\t\t<div class=\"elementor-widget-wrap elementor-element-populated\">\n\t\t\t\t\t\t<div class=\"elementor-element elementor-element-c60eeaa elementor-widget elementor-widget-image\" data-id=\"c60eeaa\" data-element_type=\"widget\" data-widget_type=\"image.default\">\n\t\t\t\t<div class=\"elementor-widget-container\">\n\t\t\t\t\t\t\t\t\t\t\t\t\t<img decoding=\"async\" width=\"860\" height=\"500\" src=\"https:\/\/methisotel.com\/en\/wp-content\/uploads\/2024\/09\/methis-otel-galeri-64.webp\" class=\"attachment-large size-large wp-image-1401\" alt=\"\" srcset=\"https:\/\/methisotel.com\/en\/wp-content\/uploads\/2024\/09\/methis-otel-galeri-64.webp 860w, https:\/\/methisotel.com\/en\/wp-content\/uploads\/2024\/09\/methis-otel-galeri-64-300x174.webp 300w, https:\/\/methisotel.com\/en\/wp-content\/uploads\/2024\/09\/methis-otel-galeri-64-768x447.webp 768w\" sizes=\"(max-width: 860px) 100vw, 860px\" \/>\t\t\t\t\t\t\t\t\t\t\t\t\t<\/div>\n\t\t\t\t<\/div>\n\t\t\t\t\t<\/div>\n\t\t<\/div>\n\t\t\t\t<div class=\"elementor-column elementor-col-50 elementor-top-column elementor-element elementor-element-21596a8\" data-id=\"21596a8\" data-element_type=\"column\">\n\t\t\t<div class=\"elementor-widget-wrap elementor-element-populated\">\n\t\t\t\t\t\t<div class=\"elementor-element elementor-element-c6d1301 elementor-widget elementor-widget-text-editor\" data-id=\"c6d1301\" data-element_type=\"widget\" data-widget_type=\"text-editor.default\">\n\t\t\t\t<div class=\"elementor-widget-container\">\n\t\t\t\t\t\t\t<h4>Comfort<\/h4><p>We moved the comfort of your home to our hotel.<\/p><p>Methis HOtel offers comfort for every need with its city concept with a total of 30 rooms. With our tastefully designed rooms designed for your comfort, you will completely erase the image of \u2018just a hotel room\u2019 in your mind.<\/p><p>Methis Hotel will conquer your heart with its proximity to the centre and A.O.S.B in Karsiyaka, the pearl of Izmir.<\/p><p>Let&#8217;s accumulate beautiful memories together&#8230;<\/p>\t\t\t\t\t\t<\/div>\n\t\t\t\t<\/div>\n\t\t\t\t\t<\/div>\n\t\t<\/div>\n\t\t\t\t\t<\/div>\n\t\t<\/section>\n\t\t\t\t<section class=\"elementor-section elementor-top-section elementor-element elementor-element-06874d2 elementor-section-boxed elementor-section-height-default elementor-section-height-default\" data-id=\"06874d2\" data-element_type=\"section\" data-settings=\"{&quot;background_background&quot;:&quot;classic&quot;}\">\n\t\t\t\t\t\t\t<div class=\"elementor-background-overlay\"><\/div>\n\t\t\t\t\t\t\t<div class=\"elementor-container elementor-column-gap-default\">\n\t\t\t\t\t<div class=\"elementor-column elementor-col-33 elementor-top-column elementor-element elementor-element-bd2fd33\" data-id=\"bd2fd33\" data-element_type=\"column\">\n\t\t\t<div class=\"elementor-widget-wrap elementor-element-populated\">\n\t\t\t\t\t\t<div class=\"elementor-element elementor-element-1ab81bf elementor-widget elementor-widget-counter\" data-id=\"1ab81bf\" data-element_type=\"widget\" data-widget_type=\"counter.default\">\n\t\t\t\t<div class=\"elementor-widget-container\">\n\t\t\t\t\t<div class=\"elementor-counter\">\n\t\t\t<div class=\"elementor-counter-title\">Room<\/div>\t\t\t<div class=\"elementor-counter-number-wrapper\">\n\t\t\t\t<span class=\"elementor-counter-number-prefix\"><\/span>\n\t\t\t\t<span class=\"elementor-counter-number\" data-duration=\"2000\" data-to-value=\"30\" data-from-value=\"0\" data-delimiter=\",\">0<\/span>\n\t\t\t\t<span class=\"elementor-counter-number-suffix\"><\/span>\n\t\t\t<\/div>\n\t\t<\/div>\n\t\t\t\t<\/div>\n\t\t\t\t<\/div>\n\t\t\t\t\t<\/div>\n\t\t<\/div>\n\t\t\t\t<div class=\"elementor-column elementor-col-33 elementor-top-column elementor-element elementor-element-e8dfe74\" data-id=\"e8dfe74\" data-element_type=\"column\">\n\t\t\t<div class=\"elementor-widget-wrap elementor-element-populated\">\n\t\t\t\t\t\t<div class=\"elementor-element elementor-element-9249f96 elementor-widget elementor-widget-counter\" data-id=\"9249f96\" data-element_type=\"widget\" data-widget_type=\"counter.default\">\n\t\t\t\t<div class=\"elementor-widget-container\">\n\t\t\t\t\t<div class=\"elementor-counter\">\n\t\t\t<div class=\"elementor-counter-title\">Suite Room<\/div>\t\t\t<div class=\"elementor-counter-number-wrapper\">\n\t\t\t\t<span class=\"elementor-counter-number-prefix\"><\/span>\n\t\t\t\t<span class=\"elementor-counter-number\" data-duration=\"2000\" data-to-value=\"4\" data-from-value=\"0\" data-delimiter=\",\">0<\/span>\n\t\t\t\t<span class=\"elementor-counter-number-suffix\"><\/span>\n\t\t\t<\/div>\n\t\t<\/div>\n\t\t\t\t<\/div>\n\t\t\t\t<\/div>\n\t\t\t\t\t<\/div>\n\t\t<\/div>\n\t\t\t\t<div class=\"elementor-column elementor-col-33 elementor-top-column elementor-element elementor-element-4a2fbfd\" data-id=\"4a2fbfd\" data-element_type=\"column\">\n\t\t\t<div class=\"elementor-widget-wrap elementor-element-populated\">\n\t\t\t\t\t\t<div class=\"elementor-element elementor-element-05befc1 elementor-widget elementor-widget-counter\" data-id=\"05befc1\" data-element_type=\"widget\" data-widget_type=\"counter.default\">\n\t\t\t\t<div class=\"elementor-widget-container\">\n\t\t\t\t\t<div class=\"elementor-counter\">\n\t\t\t<div class=\"elementor-counter-title\">Balcony Room<\/div>\t\t\t<div class=\"elementor-counter-number-wrapper\">\n\t\t\t\t<span class=\"elementor-counter-number-prefix\"><\/span>\n\t\t\t\t<span class=\"elementor-counter-number\" data-duration=\"2000\" data-to-value=\"8\" data-from-value=\"0\" data-delimiter=\",\">0<\/span>\n\t\t\t\t<span class=\"elementor-counter-number-suffix\"><\/span>\n\t\t\t<\/div>\n\t\t<\/div>\n\t\t\t\t<\/div>\n\t\t\t\t<\/div>\n\t\t\t\t\t<\/div>\n\t\t<\/div>\n\t\t\t\t\t<\/div>\n\t\t<\/section>\n\t\t<div class=\"elementor-element elementor-element-7709eb40 e-con-full e-flex e-con e-parent\" data-id=\"7709eb40\" data-element_type=\"container\" data-settings=\"{&quot;background_background&quot;:&quot;classic&quot;}\">\n\t\t\t\t<div class=\"elementor-element elementor-element-7983be94 elementor-widget-mobile__width-inherit elementor-widget elementor-widget-heading\" data-id=\"7983be94\" data-element_type=\"widget\" data-widget_type=\"heading.default\">\n\t\t\t\t<div class=\"elementor-widget-container\">\n\t\t\t<h2 class=\"elementor-heading-title elementor-size-default\">Happy Guest Reviews<\/h2>\t\t<\/div>\n\t\t\t\t<\/div>\n\t\t\t\t<div class=\"elementor-element elementor-element-b7d5435 elementor-align-center elementor-widget elementor-widget-button\" data-id=\"b7d5435\" data-element_type=\"widget\" data-widget_type=\"button.default\">\n\t\t\t\t<div class=\"elementor-widget-container\">\n\t\t\t\t\t<div class=\"elementor-button-wrapper\">\n\t\t\t<a class=\"elementor-button elementor-button-link elementor-size-sm\" href=\"https:\/\/www.google.com\/travel\/search?gsas=1&#038;ts=GhwSGhIUCgcI6A8QChgfEgcI6A8QCxgBGAEyAhAA&#038;qs=MjZDaVFJcUxYNzg4U2c4WjQ5RVBTczhaV0VtUERTdGdFYURTOW5MekV4YUY5M2VHSjZaRElRQVE4Ag&#038;ap=ugEHcmV2aWV3cw&#038;biw=1536&#038;bih=695&#038;hl=tr-TR&#038;ved=0CAAQ5JsGahcKEwi42563weqIAxUAAAAAHQAAAAAQDg\">\n\t\t\t\t\t\t<span class=\"elementor-button-content-wrapper\">\n\t\t\t\t\t\t\t\t\t<span class=\"elementor-button-text\">Browse All Reviews<\/span>\n\t\t\t\t\t<\/span>\n\t\t\t\t\t<\/a>\n\t\t<\/div>\n\t\t\t\t<\/div>\n\t\t\t\t<\/div>\n\t\t<div class=\"elementor-element elementor-element-41f1e4f1 e-con-full e-flex e-con e-child\" data-id=\"41f1e4f1\" data-element_type=\"container\">\n\t\t<div class=\"elementor-element elementor-element-358d81bf e-con-full e-flex e-con e-child\" data-id=\"358d81bf\" data-element_type=\"container\" data-settings=\"{&quot;background_background&quot;:&quot;classic&quot;}\">\n\t\t\t\t<div class=\"elementor-element elementor-element-f6cba12 elementor-widget elementor-widget-text-editor\" data-id=\"f6cba12\" data-element_type=\"widget\" data-widget_type=\"text-editor.default\">\n\t\t\t\t<div class=\"elementor-widget-container\">\n\t\t\t\t\t\t\t<p>When we came to Izmir with my wife, we met Methis hotel by chance.<br \/>It is a great hotel.<br \/>The rooms are very clean. The hotel staff is very good, friendly and answered every question I asked.<br \/>I recommend Methis Hotel to everyone who will come to Izmir, including our close circle.<br \/>Me and my wife thank the Methis hotel team from the bottom of our hearts.<br \/>When we come to Izmir again, we now know where we will stay.<\/p>\t\t\t\t\t\t<\/div>\n\t\t\t\t<\/div>\n\t\t<div class=\"elementor-element elementor-element-64983db7 e-con-full e-flex e-con e-child\" data-id=\"64983db7\" data-element_type=\"container\">\n\t\t\t\t<div class=\"elementor-element elementor-element-78690082 elementor--star-style-star_unicode elementor-widget elementor-widget-star-rating\" data-id=\"78690082\" data-element_type=\"widget\" data-widget_type=\"star-rating.default\">\n\t\t\t\t<div class=\"elementor-widget-container\">\n\t\t\t\n\t\t<div class=\"elementor-star-rating__wrapper\">\n\t\t\t\t\t\t<div class=\"elementor-star-rating\" title=\"5\/5\" itemtype=\"http:\/\/schema.org\/Rating\" itemscope=\"\" itemprop=\"reviewRating\"><i class=\"elementor-star-full\">&#9733;<\/i><i class=\"elementor-star-full\">&#9733;<\/i><i class=\"elementor-star-full\">&#9733;<\/i><i class=\"elementor-star-full\">&#9733;<\/i><i class=\"elementor-star-full\">&#9733;<\/i> <span itemprop=\"ratingValue\" class=\"elementor-screen-only\">5\/5<\/span><\/div>\t\t<\/div>\n\t\t\t\t<\/div>\n\t\t\t\t<\/div>\n\t\t\t\t<div class=\"elementor-element elementor-element-6131a984 elementor-widget-mobile__width-inherit elementor-widget elementor-widget-icon-box\" data-id=\"6131a984\" data-element_type=\"widget\" data-widget_type=\"icon-box.default\">\n\t\t\t\t<div class=\"elementor-widget-container\">\n\t\t\t\t\t<div class=\"elementor-icon-box-wrapper\">\n\n\t\t\t\n\t\t\t\t\t\t<div class=\"elementor-icon-box-content\">\n\n\t\t\t\t\t\t\t\t\t<h3 class=\"elementor-icon-box-title\">\n\t\t\t\t\t\t<span  >\n\t\t\t\t\t\t\tBaron Group\t\t\t\t\t\t<\/span>\n\t\t\t\t\t<\/h3>\n\t\t\t\t\n\t\t\t\t\n\t\t\t<\/div>\n\t\t\t\n\t\t<\/div>\n\t\t\t\t<\/div>\n\t\t\t\t<\/div>\n\t\t\t\t<\/div>\n\t\t\t\t<\/div>\n\t\t<div class=\"elementor-element elementor-element-96757d3 e-con-full e-flex e-con e-child\" data-id=\"96757d3\" data-element_type=\"container\" data-settings=\"{&quot;background_background&quot;:&quot;classic&quot;}\">\n\t\t\t\t<div class=\"elementor-element elementor-element-1d33043 elementor-widget elementor-widget-text-editor\" data-id=\"1d33043\" data-element_type=\"widget\" data-widget_type=\"text-editor.default\">\n\t\t\t\t<div class=\"elementor-widget-container\">\n\t\t\t\t\t\t\t<p>I would like to thank the Methis Hotel family very much.I stayed for 3 days and I had a very pleasant time and I did not see any trouble.The hotel is very clean, the staff friends are very friendly and warm-blooded, they take care of everything completely.I would especially like to thank the hotel manager Derya Hanim and G\u00fcldem Hanim.Methis Hotel is the hotel I will prefer when I have business in Izmir.<\/p>\t\t\t\t\t\t<\/div>\n\t\t\t\t<\/div>\n\t\t<div class=\"elementor-element elementor-element-05597b1 e-con-full e-flex e-con e-child\" data-id=\"05597b1\" data-element_type=\"container\">\n\t\t\t\t<div class=\"elementor-element elementor-element-8939d52 elementor--star-style-star_unicode elementor-widget elementor-widget-star-rating\" data-id=\"8939d52\" data-element_type=\"widget\" data-widget_type=\"star-rating.default\">\n\t\t\t\t<div class=\"elementor-widget-container\">\n\t\t\t\n\t\t<div class=\"elementor-star-rating__wrapper\">\n\t\t\t\t\t\t<div class=\"elementor-star-rating\" title=\"5\/5\" itemtype=\"http:\/\/schema.org\/Rating\" itemscope=\"\" itemprop=\"reviewRating\"><i class=\"elementor-star-full\">&#9733;<\/i><i class=\"elementor-star-full\">&#9733;<\/i><i class=\"elementor-star-full\">&#9733;<\/i><i class=\"elementor-star-full\">&#9733;<\/i><i class=\"elementor-star-full\">&#9733;<\/i> <span itemprop=\"ratingValue\" class=\"elementor-screen-only\">5\/5<\/span><\/div>\t\t<\/div>\n\t\t\t\t<\/div>\n\t\t\t\t<\/div>\n\t\t\t\t<div class=\"elementor-element elementor-element-98b4b82 elementor-widget-mobile__width-inherit elementor-widget elementor-widget-icon-box\" data-id=\"98b4b82\" data-element_type=\"widget\" data-widget_type=\"icon-box.default\">\n\t\t\t\t<div class=\"elementor-widget-container\">\n\t\t\t\t\t<div class=\"elementor-icon-box-wrapper\">\n\n\t\t\t\n\t\t\t\t\t\t<div class=\"elementor-icon-box-content\">\n\n\t\t\t\t\t\t\t\t\t<h3 class=\"elementor-icon-box-title\">\n\t\t\t\t\t\t<span  >\n\t\t\t\t\t\t\tEmre Bar\u0131\u015f\t\t\t\t\t\t<\/span>\n\t\t\t\t\t<\/h3>\n\t\t\t\t\n\t\t\t\t\n\t\t\t<\/div>\n\t\t\t\n\t\t<\/div>\n\t\t\t\t<\/div>\n\t\t\t\t<\/div>\n\t\t\t\t<\/div>\n\t\t\t\t<\/div>\n\t\t<div class=\"elementor-element elementor-element-9d0aee5 e-con-full e-flex e-con e-child\" data-id=\"9d0aee5\" data-element_type=\"container\" data-settings=\"{&quot;background_background&quot;:&quot;classic&quot;}\">\n\t\t\t\t<div class=\"elementor-element elementor-element-add8857 elementor-widget elementor-widget-text-editor\" data-id=\"add8857\" data-element_type=\"widget\" data-widget_type=\"text-editor.default\">\n\t\t\t\t<div class=\"elementor-widget-container\">\n\t\t\t\t\t\t\t<p>The hotel is very clean, very clean, breakfast is very good, everyone can come easily. Bus, minibus in front of the hotel, very easy access to the beach bostanl\u0131 market, all needs are met by the hotel staff. Everyone is very interested and reliable family environment. Thanks for everything<\/p>\t\t\t\t\t\t<\/div>\n\t\t\t\t<\/div>\n\t\t<div class=\"elementor-element elementor-element-ee26a9b e-con-full e-flex e-con e-child\" data-id=\"ee26a9b\" data-element_type=\"container\">\n\t\t\t\t<div class=\"elementor-element elementor-element-ac281bd elementor--star-style-star_unicode elementor-widget elementor-widget-star-rating\" data-id=\"ac281bd\" data-element_type=\"widget\" data-widget_type=\"star-rating.default\">\n\t\t\t\t<div class=\"elementor-widget-container\">\n\t\t\t\n\t\t<div class=\"elementor-star-rating__wrapper\">\n\t\t\t\t\t\t<div class=\"elementor-star-rating\" title=\"5\/5\" itemtype=\"http:\/\/schema.org\/Rating\" itemscope=\"\" itemprop=\"reviewRating\"><i class=\"elementor-star-full\">&#9733;<\/i><i class=\"elementor-star-full\">&#9733;<\/i><i class=\"elementor-star-full\">&#9733;<\/i><i class=\"elementor-star-full\">&#9733;<\/i><i class=\"elementor-star-full\">&#9733;<\/i> <span itemprop=\"ratingValue\" class=\"elementor-screen-only\">5\/5<\/span><\/div>\t\t<\/div>\n\t\t\t\t<\/div>\n\t\t\t\t<\/div>\n\t\t\t\t<div class=\"elementor-element elementor-element-9bc4cfb elementor-widget-mobile__width-inherit elementor-widget elementor-widget-icon-box\" data-id=\"9bc4cfb\" data-element_type=\"widget\" data-widget_type=\"icon-box.default\">\n\t\t\t\t<div class=\"elementor-widget-container\">\n\t\t\t\t\t<div class=\"elementor-icon-box-wrapper\">\n\n\t\t\t\n\t\t\t\t\t\t<div class=\"elementor-icon-box-content\">\n\n\t\t\t\t\t\t\t\t\t<h3 class=\"elementor-icon-box-title\">\n\t\t\t\t\t\t<span  >\n\t\t\t\t\t\t\tG\u00dcL KONAK\u00c7I\t\t\t\t\t\t<\/span>\n\t\t\t\t\t<\/h3>\n\t\t\t\t\n\t\t\t\t\n\t\t\t<\/div>\n\t\t\t\n\t\t<\/div>\n\t\t\t\t<\/div>\n\t\t\t\t<\/div>\n\t\t\t\t<\/div>\n\t\t\t\t<\/div>\n\t\t\t\t<\/div>\n\t\t\t\t<\/div>\n\t\t\t\t<section class=\"elementor-section elementor-top-section elementor-element elementor-element-93585aa elementor-section-boxed elementor-section-height-default elementor-section-height-default\" data-id=\"93585aa\" data-element_type=\"section\">\n\t\t\t\t\t\t\t<div class=\"elementor-background-overlay\"><\/div>\n\t\t\t\t\t\t\t<div class=\"elementor-container elementor-column-gap-default\">\n\t\t\t\t\t<div class=\"elementor-column elementor-col-33 elementor-top-column elementor-element elementor-element-b86d8f4 elementor-hidden-phone\" data-id=\"b86d8f4\" data-element_type=\"column\">\n\t\t\t<div class=\"elementor-widget-wrap\">\n\t\t\t\t\t\t\t<\/div>\n\t\t<\/div>\n\t\t\t\t<div class=\"elementor-column elementor-col-33 elementor-top-column elementor-element elementor-element-f00cffb\" data-id=\"f00cffb\" data-element_type=\"column\">\n\t\t\t<div class=\"elementor-widget-wrap elementor-element-populated\">\n\t\t\t\t\t\t<div class=\"elementor-element elementor-element-34028af elementor-widget elementor-widget-heading\" data-id=\"34028af\" data-element_type=\"widget\" data-widget_type=\"heading.default\">\n\t\t\t\t<div class=\"elementor-widget-container\">\n\t\t\t<h6 class=\"elementor-heading-title elementor-size-default\">Karsiyaka's Best Luxury Hotel: Methis Hotel<\/h6>\t\t<\/div>\n\t\t\t\t<\/div>\n\t\t\t\t<div class=\"elementor-element elementor-element-acbdf6d elementor-widget elementor-widget-heading\" data-id=\"acbdf6d\" data-element_type=\"widget\" data-widget_type=\"heading.default\">\n\t\t\t\t<div class=\"elementor-widget-container\">\n\t\t\t<h2 class=\"elementor-heading-title elementor-size-default\">Book Now<\/h2>\t\t<\/div>\n\t\t\t\t<\/div>\n\t\t\t\t<div class=\"elementor-element elementor-element-b2fd265 elementor-widget elementor-widget-text-editor\" data-id=\"b2fd265\" data-element_type=\"widget\" data-widget_type=\"text-editor.default\">\n\t\t\t\t<div class=\"elementor-widget-container\">\n\t\t\t\t\t\t\t<p>Book today for an unforgettable stay! Don&#8217;t miss our special offers at Methis Hotel. Take your vacation to the next level with comfortable rooms, top-notch service and a central location. With our quick and easy booking options, open the doors of comfort with a click!<\/p>\t\t\t\t\t\t<\/div>\n\t\t\t\t<\/div>\n\t\t\t\t<div class=\"elementor-element elementor-element-57d86e9 elementor-mobile-align-justify elementor-align-center elementor-widget elementor-widget-button\" data-id=\"57d86e9\" data-element_type=\"widget\" data-widget_type=\"button.default\">\n\t\t\t\t<div class=\"elementor-widget-container\">\n\t\t\t\t\t<div class=\"elementor-button-wrapper\">\n\t\t\t<a class=\"elementor-button elementor-button-link elementor-size-sm\" href=\"https:\/\/methisotel.com\/reservation\/\">\n\t\t\t\t\t\t<span class=\"elementor-button-content-wrapper\">\n\t\t\t\t\t\t\t\t\t<span class=\"elementor-button-text\">Make Reservation<\/span>\n\t\t\t\t\t<\/span>\n\t\t\t\t\t<\/a>\n\t\t<\/div>\n\t\t\t\t<\/div>\n\t\t\t\t<\/div>\n\t\t\t\t\t<\/div>\n\t\t<\/div>\n\t\t\t\t<div class=\"elementor-column elementor-col-33 elementor-top-column elementor-element elementor-element-be7f00b elementor-hidden-tablet elementor-hidden-phone\" data-id=\"be7f00b\" data-element_type=\"column\">\n\t\t\t<div class=\"elementor-widget-wrap\">\n\t\t\t\t\t\t\t<\/div>\n\t\t<\/div>\n\t\t\t\t\t<\/div>\n\t\t<\/section>\n\t\t\t\t<\/div>\n\t\t","protected":false},"excerpt":{"rendered":"<p>About Us Methis Hotel About Us Comfort and Elegance Waiting for You Located in the most beautiful location of Kar\u015f\u0131yaka, the pearl of the Aegean, METH\u0130S HOTEL is located on Anadolu Street, which is easily accessible by our guests. It is 2 km away from Atat\u00fcrk Organised Industrial Zone. One of the aims of our&#8230;<\/p>\n","protected":false},"author":1,"featured_media":0,"parent":0,"menu_order":0,"comment_status":"closed","ping_status":"closed","template":"elementor_header_footer","meta":{"_kad_blocks_custom_css":"","_kad_blocks_head_custom_js":"","_kad_blocks_body_custom_js":"","_kad_blocks_footer_custom_js":"","_kadence_starter_templates_imported_post":true,"_kad_post_transparent":"","_kad_post_title":"hide","_kad_post_layout":"normal","_kad_post_sidebar_id":"","_kad_post_content_style":"unboxed","_kad_post_vertical_padding":"hide","_kad_post_feature":"hide","_kad_post_feature_position":"","_kad_post_header":false,"_kad_post_footer":false,"footnotes":""},"class_list":["post-489","page","type-page","status-publish","hentry"],"taxonomy_info":[],"featured_image_src_large":false,"author_info":{"display_name":"admin","author_link":"https:\/\/methisotel.com\/en\/author\/deryah_35ksk\/"},"comment_info":0,"_links":{"self":[{"href":"https:\/\/methisotel.com\/en\/wp-json\/wp\/v2\/pages\/489","targetHints":{"allow":["GET"]}}],"collection":[{"href":"https:\/\/methisotel.com\/en\/wp-json\/wp\/v2\/pages"}],"about":[{"href":"https:\/\/methisotel.com\/en\/wp-json\/wp\/v2\/types\/page"}],"author":[{"embeddable":true,"href":"https:\/\/methisotel.com\/en\/wp-json\/wp\/v2\/users\/1"}],"replies":[{"embeddable":true,"href":"https:\/\/methisotel.com\/en\/wp-json\/wp\/v2\/comments?post=489"}],"version-history":[{"count":24,"href":"https:\/\/methisotel.com\/en\/wp-json\/wp\/v2\/pages\/489\/revisions"}],"predecessor-version":[{"id":1802,"href":"https:\/\/methisotel.com\/en\/wp-json\/wp\/v2\/pages\/489\/revisions\/1802"}],"wp:attachment":[{"href":"https:\/\/methisotel.com\/en\/wp-json\/wp\/v2\/media?parent=489"}],"curies":[{"name":"wp","href":"https:\/\/api.w.org\/{rel}","templated":true}]}}