{"id":1583,"date":"2024-10-01T20:35:04","date_gmt":"2024-10-01T20:35:04","guid":{"rendered":"https:\/\/methisotel.com\/?page_id=1583"},"modified":"2024-10-03T12:57:23","modified_gmt":"2024-10-03T09:57:23","slug":"personal-data-processing-policy","status":"publish","type":"page","link":"https:\/\/methisotel.com\/en\/personal-data-processing-policy\/","title":{"rendered":"Personal Data Processing Policy"},"content":{"rendered":"\t\t<div data-elementor-type=\"wp-page\" data-elementor-id=\"1583\" class=\"elementor elementor-1583\" data-elementor-post-type=\"page\">\n\t\t\t\t\t\t<section class=\"elementor-section elementor-top-section elementor-element elementor-element-8828dd8 elementor-section-height-min-height elementor-section-items-bottom elementor-section-boxed elementor-section-height-default\" data-id=\"8828dd8\" data-element_type=\"section\" data-settings=\"{&quot;background_background&quot;:&quot;classic&quot;}\">\n\t\t\t\t\t\t\t<div class=\"elementor-background-overlay\"><\/div>\n\t\t\t\t\t\t\t<div class=\"elementor-container elementor-column-gap-default\">\n\t\t\t\t\t<div class=\"elementor-column elementor-col-100 elementor-top-column elementor-element elementor-element-6d43801\" data-id=\"6d43801\" data-element_type=\"column\">\n\t\t\t<div class=\"elementor-widget-wrap elementor-element-populated\">\n\t\t\t\t\t\t<div class=\"elementor-element elementor-element-31c8d6d elementor-widget elementor-widget-heading\" data-id=\"31c8d6d\" data-element_type=\"widget\" data-widget_type=\"heading.default\">\n\t\t\t\t<div class=\"elementor-widget-container\">\n\t\t\t<h1 class=\"elementor-heading-title elementor-size-default\">Personal Data Processing Policy<\/h1>\t\t<\/div>\n\t\t\t\t<\/div>\n\t\t\t\t<div class=\"elementor-element elementor-element-9a9b4e4 elementor-hidden-phone elementor-widget elementor-widget-spacer\" data-id=\"9a9b4e4\" data-element_type=\"widget\" data-widget_type=\"spacer.default\">\n\t\t\t\t<div class=\"elementor-widget-container\">\n\t\t\t\t\t<div class=\"elementor-spacer\">\n\t\t\t<div class=\"elementor-spacer-inner\"><\/div>\n\t\t<\/div>\n\t\t\t\t<\/div>\n\t\t\t\t<\/div>\n\t\t\t\t\t<\/div>\n\t\t<\/div>\n\t\t\t\t\t<\/div>\n\t\t<\/section>\n\t\t\t\t<section class=\"elementor-section elementor-top-section elementor-element elementor-element-d076b54 elementor-section-boxed elementor-section-height-default elementor-section-height-default\" data-id=\"d076b54\" data-element_type=\"section\">\n\t\t\t\t\t\t<div class=\"elementor-container elementor-column-gap-default\">\n\t\t\t\t\t<div class=\"elementor-column elementor-col-100 elementor-top-column elementor-element elementor-element-ef1a4e9\" data-id=\"ef1a4e9\" data-element_type=\"column\">\n\t\t\t<div class=\"elementor-widget-wrap elementor-element-populated\">\n\t\t\t\t\t\t<div class=\"elementor-element elementor-element-6aa6f73 elementor-widget elementor-widget-text-editor\" data-id=\"6aa6f73\" data-element_type=\"widget\" data-widget_type=\"text-editor.default\">\n\t\t\t\t<div class=\"elementor-widget-container\">\n\t\t\t\t\t\t\t<p><strong>Methis Hotel Personal Data Processing Policy<\/strong><\/p><p><strong>1. Introduction<\/strong>\u00a0 Methis Hotel attaches great importance to the personal data of its guests and employees. This policy determines our practices regarding the collection, processing, storage and protection of personal data.<\/p><p><strong>2. Collection of Personal Data<\/strong>\u00a0Personal data is collected for the purposes of guest registrations, reservation procedures, customer service and provision of in-hotel services. In addition, communications made through our website are also among the data collection processes.<\/p><p><strong>3. Processing of Personal Data<\/strong>\u00a0The collected data is processed for the following purposes:<\/p><ul><li>Providing reservation and accommodation services<\/li><li>Ensuring customer satisfaction<\/li><li>Marketing activities and campaign announcements<\/li><li>Fulfilment of legal obligations<\/li><\/ul><p><strong>4. Legal Basis<\/strong> Processing of personal data is based on legal reasons such as consent, performance of the contract, legal obligations and legitimate interests within the framework of the relevant laws.<\/p><p><strong>5. Rights of Data Subjects<\/strong> Data subjects have the right to access, rectify, delete and object to the processing of their personal data. They can contact our hotel to exercise these rights.<\/p><p><strong>6. Data Security<\/strong> Methis Hotel takes the necessary technical and administrative measures to ensure the security of personal data. In case of data security violations, the relevant persons and authorities will be notified immediately.<\/p><p><strong>7. Data Transfer Abroad<\/strong> Personal data may be transferred to our domestic and foreign business partners in accordance with legal regulations.<\/p><p><strong>8. Changes<\/strong> This policy may be updated in line with legal requirements or business needs. Information about updates will be published on our hotel&#8217;s website.<\/p><p><strong>Contact Details<\/strong> For any questions and requests regarding personal data, you can contact Methis Hotel.<\/p><p><strong>CONTACT INFORMATION<\/strong><br \/>Methis Hotel Turizm \u0130n\u015faat Anonim \u015eirketi<br \/>E-Mail: <a rel=\"noopener\">info@methishotel.com<\/a><br \/>Adress: \u015eemikler, Anadolu Cd. No:573\/A Kar\u015f\u0131yaka\/\u0130zmir<br \/>Telephone: +90 533 135 00 17\u00a0<br \/>Web: <a href=\"https:\/\/www.methishotel.com\/\" target=\"_new\" rel=\"noopener\">https:\/\/www.methishotel.com\/<\/a><br \/>Mersis No: 0485126968800001<\/p>\t\t\t\t\t\t<\/div>\n\t\t\t\t<\/div>\n\t\t\t\t\t<\/div>\n\t\t<\/div>\n\t\t\t\t\t<\/div>\n\t\t<\/section>\n\t\t\t\t<\/div>\n\t\t","protected":false},"excerpt":{"rendered":"<p>Personal Data Processing Policy Methis Hotel Personal Data Processing Policy 1. Introduction\u00a0 Methis Hotel attaches great importance to the personal data of its guests and employees. This policy determines our practices regarding the collection, processing, storage and protection of personal data. 2. Collection of Personal Data\u00a0Personal data is collected for the purposes of guest registrations,&#8230;<\/p>\n","protected":false},"author":1,"featured_media":0,"parent":0,"menu_order":0,"comment_status":"closed","ping_status":"closed","template":"elementor_header_footer","meta":{"_kad_blocks_custom_css":"","_kad_blocks_head_custom_js":"","_kad_blocks_body_custom_js":"","_kad_blocks_footer_custom_js":"","_kadence_starter_templates_imported_post":true,"_kad_post_transparent":"","_kad_post_title":"hide","_kad_post_layout":"normal","_kad_post_sidebar_id":"","_kad_post_content_style":"unboxed","_kad_post_vertical_padding":"hide","_kad_post_feature":"hide","_kad_post_feature_position":"","_kad_post_header":false,"_kad_post_footer":false,"footnotes":""},"class_list":["post-1583","page","type-page","status-publish","hentry"],"taxonomy_info":[],"featured_image_src_large":false,"author_info":{"display_name":"admin","author_link":"https:\/\/methisotel.com\/en\/author\/deryah_35ksk\/"},"comment_info":0,"_links":{"self":[{"href":"https:\/\/methisotel.com\/en\/wp-json\/wp\/v2\/pages\/1583","targetHints":{"allow":["GET"]}}],"collection":[{"href":"https:\/\/methisotel.com\/en\/wp-json\/wp\/v2\/pages"}],"about":[{"href":"https:\/\/methisotel.com\/en\/wp-json\/wp\/v2\/types\/page"}],"author":[{"embeddable":true,"href":"https:\/\/methisotel.com\/en\/wp-json\/wp\/v2\/users\/1"}],"replies":[{"embeddable":true,"href":"https:\/\/methisotel.com\/en\/wp-json\/wp\/v2\/comments?post=1583"}],"version-history":[{"count":11,"href":"https:\/\/methisotel.com\/en\/wp-json\/wp\/v2\/pages\/1583\/revisions"}],"predecessor-version":[{"id":1805,"href":"https:\/\/methisotel.com\/en\/wp-json\/wp\/v2\/pages\/1583\/revisions\/1805"}],"wp:attachment":[{"href":"https:\/\/methisotel.com\/en\/wp-json\/wp\/v2\/media?parent=1583"}],"curies":[{"name":"wp","href":"https:\/\/api.w.org\/{rel}","templated":true}]}}