{"id":1577,"date":"2024-10-01T20:31:01","date_gmt":"2024-10-01T20:31:01","guid":{"rendered":"https:\/\/methisotel.com\/?page_id=1577"},"modified":"2024-10-03T12:58:28","modified_gmt":"2024-10-03T09:58:28","slug":"supplier-clarification-text","status":"publish","type":"page","link":"https:\/\/methisotel.com\/en\/supplier-clarification-text\/","title":{"rendered":"Supplier Clarification Text"},"content":{"rendered":"\t\t<div data-elementor-type=\"wp-page\" data-elementor-id=\"1577\" class=\"elementor elementor-1577\" data-elementor-post-type=\"page\">\n\t\t\t\t\t\t<section class=\"elementor-section elementor-top-section elementor-element elementor-element-8828dd8 elementor-section-height-min-height elementor-section-items-bottom elementor-section-boxed elementor-section-height-default\" data-id=\"8828dd8\" data-element_type=\"section\" data-settings=\"{&quot;background_background&quot;:&quot;classic&quot;}\">\n\t\t\t\t\t\t\t<div class=\"elementor-background-overlay\"><\/div>\n\t\t\t\t\t\t\t<div class=\"elementor-container elementor-column-gap-default\">\n\t\t\t\t\t<div class=\"elementor-column elementor-col-100 elementor-top-column elementor-element elementor-element-6d43801\" data-id=\"6d43801\" data-element_type=\"column\">\n\t\t\t<div class=\"elementor-widget-wrap elementor-element-populated\">\n\t\t\t\t\t\t<div class=\"elementor-element elementor-element-31c8d6d elementor-widget elementor-widget-heading\" data-id=\"31c8d6d\" data-element_type=\"widget\" data-widget_type=\"heading.default\">\n\t\t\t\t<div class=\"elementor-widget-container\">\n\t\t\t<h1 class=\"elementor-heading-title elementor-size-default\">Supplier Clarification Text<\/h1>\t\t<\/div>\n\t\t\t\t<\/div>\n\t\t\t\t<div class=\"elementor-element elementor-element-9a9b4e4 elementor-hidden-phone elementor-widget elementor-widget-spacer\" data-id=\"9a9b4e4\" data-element_type=\"widget\" data-widget_type=\"spacer.default\">\n\t\t\t\t<div class=\"elementor-widget-container\">\n\t\t\t\t\t<div class=\"elementor-spacer\">\n\t\t\t<div class=\"elementor-spacer-inner\"><\/div>\n\t\t<\/div>\n\t\t\t\t<\/div>\n\t\t\t\t<\/div>\n\t\t\t\t\t<\/div>\n\t\t<\/div>\n\t\t\t\t\t<\/div>\n\t\t<\/section>\n\t\t\t\t<section class=\"elementor-section elementor-top-section elementor-element elementor-element-d076b54 elementor-section-boxed elementor-section-height-default elementor-section-height-default\" data-id=\"d076b54\" data-element_type=\"section\">\n\t\t\t\t\t\t<div class=\"elementor-container elementor-column-gap-default\">\n\t\t\t\t\t<div class=\"elementor-column elementor-col-100 elementor-top-column elementor-element elementor-element-ef1a4e9\" data-id=\"ef1a4e9\" data-element_type=\"column\">\n\t\t\t<div class=\"elementor-widget-wrap elementor-element-populated\">\n\t\t\t\t\t\t<div class=\"elementor-element elementor-element-6aa6f73 elementor-widget elementor-widget-text-editor\" data-id=\"6aa6f73\" data-element_type=\"widget\" data-widget_type=\"text-editor.default\">\n\t\t\t\t<div class=\"elementor-widget-container\">\n\t\t\t\t\t\t\t<p>SUPPLIER (AUTHORIZED\/EMPLOYEE) DISCLOSURE TEXT<\/p><p>\u00a0<\/p><p>As Methis Hotel, the security of your personal data is of great importance to us. Within the framework of Law No. 6698 on the Protection of Personal Data (\u201cLaw\u201d), we take the necessary technical and administrative measures to ensure that personal data is processed in accordance with the law and securely protected. We process your personal data in accordance with the procedures and principles stipulated in the Law and other relevant legislation. Within this framework, we process your personal data only for specific, explicit and legitimate purposes, keeping it up-to-date when necessary, in accordance with the law and good faith.<\/p><p>\u00a0<\/p><p>WHICH PERSONAL DATA DO WE PROCESS?<\/p><p>Your Normal Qualified Personal Data: Identity information, contact information, signature circular, signature, bank information.<\/p><p>\u00a0<\/p><p>HOW DO WE OBTAIN YOUR PERSONAL DATA?<\/p><p>We obtain your personal data through the information we request from you or other representatives\/employees representing your organization, through verbal, written or electronic transmission.<\/p><p>\u00a0<\/p><p>FOR WHICH LEGAL REASONS DO WE PROCESS YOUR PERSONAL DATA?<\/p><p>We process your personal data on the grounds that (i) it is directly related to the establishment or performance of a contract, (ii) it is mandatory for the data controller to fulfill its legal obligation, (iii) data processing is mandatory for the establishment, exercise or protection of a right.<\/p><p>FOR WHAT PURPOSES DO WE PROCESS YOUR PERSONAL DATA?<\/p><p>We process your personal data for the purposes of executing contract processes, ensuring communication activities, ensuring business continuity, carrying out goods\/service procurement processes, finance and accounting transactions. We also process your personal data in order to fulfill our storage and archive obligations arising from the legislation.<\/p><p>\u00a0<\/p><p>TO WHOM AND FOR WHAT PURPOSES DO WE TRANSFER YOUR PERSONAL DATA?<\/p><p>We transfer your personal data to our financial advisor for the follow-up of financial and accounting transactions; to tax offices and relevant public institutions in order to fulfill our financial obligations; to banks we have contracted for payment transactions; to our lawyers, court, execution office and notary public for the follow-up and execution of legal affairs.<\/p><p>\u00a0<\/p><p>YOUR RIGHTS UNDER THE LAW ON THE PROTECTION OF PERSONAL DATA<\/p><p>Regarding your personal data pursuant to Article 11 of the Law:<\/p><p>To learn whether your personal data has been processed, and if so, to request information about it,<\/p><p>To learn the purpose of processing and whether they are used for their intended purpose,<\/p><p>To learn whether personal data is transferred domestically or abroad and to whom it is transferred,<\/p><p>To request correction of personal data in case of incomplete or incorrect processing,<\/p><p>To request deletion or destruction under the conditions specified in the Law,<\/p><p>To request notification of the transactions made in case of implementation of the correction, deletion or destruction requests to third parties to whom personal data are transferred,<\/p><p>If you suffer damage due to unlawful processing, you have the right to demand compensation for the damage.<\/p><p>We will finalize your duly made applications within 30 days. You can send your application regarding the processing of your personal data to our e-mail address below by filling out the application form on Methis Hotel&#8217;s website or by using the e-mail address you previously provided.<\/p><p><strong>CONTACT INFORMATION<\/strong><br \/>Methis Hotel Turizm \u0130n\u015faat Anonim \u015eirketi<br \/>E-posta: info@methishotel.com<br \/>Adress: \u015eemikler, Anadolu Cd. No:573\/A Kar\u015f\u0131yaka\/\u0130zmir<br \/>Telephone: +90 533 135 00 17\u00a0<br \/>Web: <a href=\"https:\/\/www.methishotel.com\/\">https:\/\/www.methishotel.com\/<\/a><br \/>Mersis No: 0485126968800001<\/p>\t\t\t\t\t\t<\/div>\n\t\t\t\t<\/div>\n\t\t\t\t\t<\/div>\n\t\t<\/div>\n\t\t\t\t\t<\/div>\n\t\t<\/section>\n\t\t\t\t<\/div>\n\t\t","protected":false},"excerpt":{"rendered":"<p>Supplier Clarification Text SUPPLIER (AUTHORIZED\/EMPLOYEE) DISCLOSURE TEXT \u00a0 As Methis Hotel, the security of your personal data is of great importance to us. Within the framework of Law No. 6698 on the Protection of Personal Data (\u201cLaw\u201d), we take the necessary technical and administrative measures to ensure that personal data is processed in accordance with&#8230;<\/p>\n","protected":false},"author":1,"featured_media":0,"parent":0,"menu_order":0,"comment_status":"closed","ping_status":"closed","template":"elementor_header_footer","meta":{"_kad_blocks_custom_css":"","_kad_blocks_head_custom_js":"","_kad_blocks_body_custom_js":"","_kad_blocks_footer_custom_js":"","_kadence_starter_templates_imported_post":true,"_kad_post_transparent":"","_kad_post_title":"hide","_kad_post_layout":"normal","_kad_post_sidebar_id":"","_kad_post_content_style":"unboxed","_kad_post_vertical_padding":"hide","_kad_post_feature":"hide","_kad_post_feature_position":"","_kad_post_header":false,"_kad_post_footer":false,"footnotes":""},"class_list":["post-1577","page","type-page","status-publish","hentry"],"taxonomy_info":[],"featured_image_src_large":false,"author_info":{"display_name":"admin","author_link":"https:\/\/methisotel.com\/en\/author\/deryah_35ksk\/"},"comment_info":0,"_links":{"self":[{"href":"https:\/\/methisotel.com\/en\/wp-json\/wp\/v2\/pages\/1577","targetHints":{"allow":["GET"]}}],"collection":[{"href":"https:\/\/methisotel.com\/en\/wp-json\/wp\/v2\/pages"}],"about":[{"href":"https:\/\/methisotel.com\/en\/wp-json\/wp\/v2\/types\/page"}],"author":[{"embeddable":true,"href":"https:\/\/methisotel.com\/en\/wp-json\/wp\/v2\/users\/1"}],"replies":[{"embeddable":true,"href":"https:\/\/methisotel.com\/en\/wp-json\/wp\/v2\/comments?post=1577"}],"version-history":[{"count":11,"href":"https:\/\/methisotel.com\/en\/wp-json\/wp\/v2\/pages\/1577\/revisions"}],"predecessor-version":[{"id":1812,"href":"https:\/\/methisotel.com\/en\/wp-json\/wp\/v2\/pages\/1577\/revisions\/1812"}],"wp:attachment":[{"href":"https:\/\/methisotel.com\/en\/wp-json\/wp\/v2\/media?parent=1577"}],"curies":[{"name":"wp","href":"https:\/\/api.w.org\/{rel}","templated":true}]}}