{"id":1572,"date":"2024-10-01T20:28:08","date_gmt":"2024-10-01T20:28:08","guid":{"rendered":"https:\/\/methisotel.com\/?page_id=1572"},"modified":"2024-10-03T12:56:39","modified_gmt":"2024-10-03T09:56:39","slug":"employee-clarification-text","status":"publish","type":"page","link":"https:\/\/methisotel.com\/en\/employee-clarification-text\/","title":{"rendered":"Employee Clarification Text"},"content":{"rendered":"\t\t<div data-elementor-type=\"wp-page\" data-elementor-id=\"1572\" class=\"elementor elementor-1572\" data-elementor-post-type=\"page\">\n\t\t\t\t\t\t<section class=\"elementor-section elementor-top-section elementor-element elementor-element-8828dd8 elementor-section-height-min-height elementor-section-items-bottom elementor-section-boxed elementor-section-height-default\" data-id=\"8828dd8\" data-element_type=\"section\" data-settings=\"{&quot;background_background&quot;:&quot;classic&quot;}\">\n\t\t\t\t\t\t\t<div class=\"elementor-background-overlay\"><\/div>\n\t\t\t\t\t\t\t<div class=\"elementor-container elementor-column-gap-default\">\n\t\t\t\t\t<div class=\"elementor-column elementor-col-100 elementor-top-column elementor-element elementor-element-6d43801\" data-id=\"6d43801\" data-element_type=\"column\">\n\t\t\t<div class=\"elementor-widget-wrap elementor-element-populated\">\n\t\t\t\t\t\t<div class=\"elementor-element elementor-element-31c8d6d elementor-widget elementor-widget-heading\" data-id=\"31c8d6d\" data-element_type=\"widget\" data-widget_type=\"heading.default\">\n\t\t\t\t<div class=\"elementor-widget-container\">\n\t\t\t<h1 class=\"elementor-heading-title elementor-size-default\">Employee Candidate Clarification Text<\/h1>\t\t<\/div>\n\t\t\t\t<\/div>\n\t\t\t\t<div class=\"elementor-element elementor-element-9a9b4e4 elementor-hidden-phone elementor-widget elementor-widget-spacer\" data-id=\"9a9b4e4\" data-element_type=\"widget\" data-widget_type=\"spacer.default\">\n\t\t\t\t<div class=\"elementor-widget-container\">\n\t\t\t\t\t<div class=\"elementor-spacer\">\n\t\t\t<div class=\"elementor-spacer-inner\"><\/div>\n\t\t<\/div>\n\t\t\t\t<\/div>\n\t\t\t\t<\/div>\n\t\t\t\t\t<\/div>\n\t\t<\/div>\n\t\t\t\t\t<\/div>\n\t\t<\/section>\n\t\t\t\t<section class=\"elementor-section elementor-top-section elementor-element elementor-element-d076b54 elementor-section-boxed elementor-section-height-default elementor-section-height-default\" data-id=\"d076b54\" data-element_type=\"section\">\n\t\t\t\t\t\t<div class=\"elementor-container elementor-column-gap-default\">\n\t\t\t\t\t<div class=\"elementor-column elementor-col-100 elementor-top-column elementor-element elementor-element-ef1a4e9\" data-id=\"ef1a4e9\" data-element_type=\"column\">\n\t\t\t<div class=\"elementor-widget-wrap elementor-element-populated\">\n\t\t\t\t\t\t<div class=\"elementor-element elementor-element-6aa6f73 elementor-widget elementor-widget-text-editor\" data-id=\"6aa6f73\" data-element_type=\"widget\" data-widget_type=\"text-editor.default\">\n\t\t\t\t<div class=\"elementor-widget-container\">\n\t\t\t\t\t\t\t<p><strong>EMPLOYEE CANDIDATE CLARIFICATION TEXT<\/strong><\/p><p>As Methis Hotel, the security and protection of your personal data is of great importance to us. Within the framework of Law No. 6698 on the Protection of Personal Data (\u2018Law\u2019), we take the necessary technical and administrative measures to ensure that personal data is processed in accordance with the law and securely protected. We process your personal data in accordance with the procedures and principles stipulated in the Law and other relevant legislation. In this context, we process your personal data only for specific, explicit and legitimate purposes, keeping them up-to-date when necessary, in accordance with the law and good faith.<\/p><p><strong>WHAT PERSONAL DATA DO WE PROCESS?<br \/><\/strong><br \/>Your Personal Data of Normal Nature: Name, surname, date and place of birth, gender, Turkish ID number, address, telephone, military service status, marital status, number of children-age, number of dependents, education status, foreign language knowledge, computer information, technical information, work experience information, trainings\/courses taken, driving licence information, travel disability status, reference person information, questions regarding job and salary requests, photographs and camera recordings.<\/p><p>Your Special Categories of Personal Data: Health status, criminal record.<\/p><p><strong>HOW DO WE OBTAIN YOUR PERSONAL DATA?<br \/><\/strong><br \/>We obtain your personal data through filling out the job application form, applying by e-mail or through your application on our website. In case of a job interview, we may obtain your visual data through cameras at Methis Hotel locations.<\/p><p><strong>FOR WHAT LEGAL REASONS AND PURPOSES DO WE PROCESS YOUR PERSONAL DATA?<br \/><\/strong><br \/>We use your personal data for the purpose of processing your personal data as necessary for the establishment of an employment contract within the framework of the legal relationship intended to be established between you and Methis Hotel and in line with the legitimate interests of the data controller. This includes carrying out the application processes of employee candidates and ensuring the security of the physical space.<\/p><p><strong>TO WHOM AND FOR WHAT PURPOSES DO WE TRANSFER YOUR PERSONAL DATA?<br \/><\/strong><br \/>Your personal data is not transferred outside Methis Hotel.<\/p><p><strong>YOUR RIGHTS UNDER THE LAW ON THE PROTECTION OF PERSONAL DATA<br \/><\/strong><br \/>Regarding your personal data in accordance with Article 11 of the Law:<\/p><ul><li>To learn whether your personal data is being processed,<\/li><li>To learn the purpose of processing and whether it is used in accordance with these purposes,<\/li><li>To learn whether personal data are transferred domestically or abroad and to whom they are transferred,<\/li><li>Request correction if incomplete or incorrectly processed,<\/li><li>To request its deletion or destruction within the specified conditions,<\/li><li>To request notification of the transactions made in case of implementation of the correction, deletion or destruction requests to third parties to whom personal data are transferred,<\/li><li>If you suffer damage due to unlawful processing, you have the right to demand compensation for the damage.<\/li><\/ul><p>We will finalise your applications within 30 days if you submit them duly. You can send your requests regarding the processing of your personal data to our e-mail address below by filling out the application form on Methis Hotel&#8217;s website or by using the e-mail address you previously provided.<\/p><p><strong>CONTACT INFORMATION<\/strong><br \/>Methis Hotel Turizm \u0130n\u015faat Anonim \u015eirketi<br \/>E-Mail: <a rel=\"noopener\">info@methishotel.com<\/a><br \/>Adress: \u015eemikler, Anadolu Cd. No:573\/A Kar\u015f\u0131yaka\/\u0130zmir<br \/>Telephone: +90 533 135 00 17\u00a0<br \/>Web: <a href=\"https:\/\/www.methishotel.com\/\" target=\"_new\" rel=\"noopener\">https:\/\/www.methishotel.com\/<\/a><br \/>Mersis No: 0485126968800001<\/p>\t\t\t\t\t\t<\/div>\n\t\t\t\t<\/div>\n\t\t\t\t\t<\/div>\n\t\t<\/div>\n\t\t\t\t\t<\/div>\n\t\t<\/section>\n\t\t\t\t<\/div>\n\t\t","protected":false},"excerpt":{"rendered":"<p>Employee Candidate Clarification Text EMPLOYEE CANDIDATE CLARIFICATION TEXT As Methis Hotel, the security and protection of your personal data is of great importance to us. Within the framework of Law No. 6698 on the Protection of Personal Data (\u2018Law\u2019), we take the necessary technical and administrative measures to ensure that personal data is processed in&#8230;<\/p>\n","protected":false},"author":1,"featured_media":0,"parent":0,"menu_order":0,"comment_status":"closed","ping_status":"closed","template":"elementor_header_footer","meta":{"_kad_blocks_custom_css":"","_kad_blocks_head_custom_js":"","_kad_blocks_body_custom_js":"","_kad_blocks_footer_custom_js":"","_kadence_starter_templates_imported_post":true,"_kad_post_transparent":"","_kad_post_title":"hide","_kad_post_layout":"normal","_kad_post_sidebar_id":"","_kad_post_content_style":"unboxed","_kad_post_vertical_padding":"hide","_kad_post_feature":"hide","_kad_post_feature_position":"","_kad_post_header":false,"_kad_post_footer":false,"footnotes":""},"class_list":["post-1572","page","type-page","status-publish","hentry"],"taxonomy_info":[],"featured_image_src_large":false,"author_info":{"display_name":"admin","author_link":"https:\/\/methisotel.com\/en\/author\/deryah_35ksk\/"},"comment_info":0,"_links":{"self":[{"href":"https:\/\/methisotel.com\/en\/wp-json\/wp\/v2\/pages\/1572","targetHints":{"allow":["GET"]}}],"collection":[{"href":"https:\/\/methisotel.com\/en\/wp-json\/wp\/v2\/pages"}],"about":[{"href":"https:\/\/methisotel.com\/en\/wp-json\/wp\/v2\/types\/page"}],"author":[{"embeddable":true,"href":"https:\/\/methisotel.com\/en\/wp-json\/wp\/v2\/users\/1"}],"replies":[{"embeddable":true,"href":"https:\/\/methisotel.com\/en\/wp-json\/wp\/v2\/comments?post=1572"}],"version-history":[{"count":17,"href":"https:\/\/methisotel.com\/en\/wp-json\/wp\/v2\/pages\/1572\/revisions"}],"predecessor-version":[{"id":1800,"href":"https:\/\/methisotel.com\/en\/wp-json\/wp\/v2\/pages\/1572\/revisions\/1800"}],"wp:attachment":[{"href":"https:\/\/methisotel.com\/en\/wp-json\/wp\/v2\/media?parent=1572"}],"curies":[{"name":"wp","href":"https:\/\/api.w.org\/{rel}","templated":true}]}}