{"id":1567,"date":"2024-10-01T20:22:51","date_gmt":"2024-10-01T20:22:51","guid":{"rendered":"https:\/\/methisotel.com\/?page_id=1567"},"modified":"2024-10-03T12:57:31","modified_gmt":"2024-10-03T09:57:31","slug":"guest-clarification-text","status":"publish","type":"page","link":"https:\/\/methisotel.com\/en\/guest-clarification-text\/","title":{"rendered":"Guest Clarification Text"},"content":{"rendered":"\t\t<div data-elementor-type=\"wp-page\" data-elementor-id=\"1567\" class=\"elementor elementor-1567\" data-elementor-post-type=\"page\">\n\t\t\t\t\t\t<section class=\"elementor-section elementor-top-section elementor-element elementor-element-8828dd8 elementor-section-height-min-height elementor-section-items-bottom elementor-section-boxed elementor-section-height-default\" data-id=\"8828dd8\" data-element_type=\"section\" data-settings=\"{&quot;background_background&quot;:&quot;classic&quot;}\">\n\t\t\t\t\t\t\t<div class=\"elementor-background-overlay\"><\/div>\n\t\t\t\t\t\t\t<div class=\"elementor-container elementor-column-gap-default\">\n\t\t\t\t\t<div class=\"elementor-column elementor-col-100 elementor-top-column elementor-element elementor-element-6d43801\" data-id=\"6d43801\" data-element_type=\"column\">\n\t\t\t<div class=\"elementor-widget-wrap elementor-element-populated\">\n\t\t\t\t\t\t<div class=\"elementor-element elementor-element-31c8d6d elementor-widget elementor-widget-heading\" data-id=\"31c8d6d\" data-element_type=\"widget\" data-widget_type=\"heading.default\">\n\t\t\t\t<div class=\"elementor-widget-container\">\n\t\t\t<h1 class=\"elementor-heading-title elementor-size-default\">Guest Clarification Text<\/h1>\t\t<\/div>\n\t\t\t\t<\/div>\n\t\t\t\t<div class=\"elementor-element elementor-element-9a9b4e4 elementor-hidden-phone elementor-widget elementor-widget-spacer\" data-id=\"9a9b4e4\" data-element_type=\"widget\" data-widget_type=\"spacer.default\">\n\t\t\t\t<div class=\"elementor-widget-container\">\n\t\t\t\t\t<div class=\"elementor-spacer\">\n\t\t\t<div class=\"elementor-spacer-inner\"><\/div>\n\t\t<\/div>\n\t\t\t\t<\/div>\n\t\t\t\t<\/div>\n\t\t\t\t\t<\/div>\n\t\t<\/div>\n\t\t\t\t\t<\/div>\n\t\t<\/section>\n\t\t\t\t<section class=\"elementor-section elementor-top-section elementor-element elementor-element-d076b54 elementor-section-boxed elementor-section-height-default elementor-section-height-default\" data-id=\"d076b54\" data-element_type=\"section\">\n\t\t\t\t\t\t<div class=\"elementor-container elementor-column-gap-default\">\n\t\t\t\t\t<div class=\"elementor-column elementor-col-100 elementor-top-column elementor-element elementor-element-ef1a4e9\" data-id=\"ef1a4e9\" data-element_type=\"column\">\n\t\t\t<div class=\"elementor-widget-wrap elementor-element-populated\">\n\t\t\t\t\t\t<div class=\"elementor-element elementor-element-6aa6f73 elementor-widget elementor-widget-text-editor\" data-id=\"6aa6f73\" data-element_type=\"widget\" data-widget_type=\"text-editor.default\">\n\t\t\t\t<div class=\"elementor-widget-container\">\n\t\t\t\t\t\t\t<p><strong>GUEST CLARIFICATION TEXT<\/strong><\/p><p>As Methis Hotel, we take the necessary measures within the framework of the Personal Data Protection Law No. 6698 (\u201cLaw\u201d) to ensure the security of your personal data. We process your personal data in a lawful, accurate and up-to-date manner for specific and legitimate purposes. We undertake to keep your data only for the periods specified in the relevant legislation.<\/p><p><strong>WHAT PERSONAL DATA DO WE PROCESS?<br \/><\/strong><br \/>Your Personal Data of Normal Nature: Name, surname, TRKN\/Passport No, accommodation dates, room number, contact information, signature, special requests (optional), bank account information, credit card information, camera recording.<\/p><p><strong>HOW DO WE OBTAIN YOUR PERSONAL DATA?<br \/><\/strong><br \/>We obtain your personal data through your filling in the accommodation form at the reception desk, signed contracts, e-mails from agencies and our website.<\/p><p><strong>FOR WHAT LEGAL REASONS DO WE PROCESS YOUR PERSONAL DATA?<br \/><\/strong><br \/>We process your personal data for reasons such as it is clearly stipulated in the law, performance of the contract, data processing is mandatory for the legitimate interests of the data controller.<\/p><p><strong>FOR WHAT PURPOSES DO WE PROCESS YOUR PERSONAL DATA?<br \/><\/strong><br \/>We process your personal data for the purposes of receiving reservation requests, filling out accommodation documents, receiving payments, issuing invoices, providing internet connection, physical space security, financial obligations, organizing events, sending marketing messages, satisfaction analysis and responding to requests\/complaints.<\/p><p><strong>TO WHOM AND FOR WHAT PURPOSES DO WE TRANSFER YOUR PERSONAL DATA?<br \/><\/strong><br \/>We share your personal data with third parties such as relevant public legal entities and lawyers in line with our legal obligations. In addition, your payment information is transferred to the bank.<\/p><p><strong>YOUR RIGHTS UNDER THE LAW ON THE PROTECTION OF PERSONAL DATA<br \/><\/strong><br \/>Pursuant to Article 11 of the Law, you have the right to request information, rectification, deletion, learning about the transfer abroad and demand compensation for damages regarding your personal data. We will finalize your applications within 30 days.<\/p><p><strong>CONTACT INFORMATION<\/strong><br \/>Methis Hotel Turizm \u0130n\u015faat Anonim \u015eirketi<br \/>E-Mail: <a rel=\"noopener\">info@methishotel.com<\/a><br \/>Adress: \u015eemikler, Anadolu Cd. No:573\/A Kar\u015f\u0131yaka\/\u0130zmir<br \/>Telephone: +90 533 135 00 17\u00a0<br \/>Web: <a href=\"https:\/\/www.methishotel.com\/\" target=\"_new\" rel=\"noopener\">https:\/\/www.methishotel.com\/<\/a><br \/>Mersis No: 0485126968800001<\/p>\t\t\t\t\t\t<\/div>\n\t\t\t\t<\/div>\n\t\t\t\t\t<\/div>\n\t\t<\/div>\n\t\t\t\t\t<\/div>\n\t\t<\/section>\n\t\t\t\t<\/div>\n\t\t","protected":false},"excerpt":{"rendered":"<p>Guest Clarification Text GUEST CLARIFICATION TEXT As Methis Hotel, we take the necessary measures within the framework of the Personal Data Protection Law No. 6698 (\u201cLaw\u201d) to ensure the security of your personal data. We process your personal data in a lawful, accurate and up-to-date manner for specific and legitimate purposes. We undertake to keep&#8230;<\/p>\n","protected":false},"author":1,"featured_media":0,"parent":0,"menu_order":0,"comment_status":"closed","ping_status":"closed","template":"elementor_header_footer","meta":{"_kad_blocks_custom_css":"","_kad_blocks_head_custom_js":"","_kad_blocks_body_custom_js":"","_kad_blocks_footer_custom_js":"","_kadence_starter_templates_imported_post":true,"_kad_post_transparent":"","_kad_post_title":"hide","_kad_post_layout":"normal","_kad_post_sidebar_id":"","_kad_post_content_style":"unboxed","_kad_post_vertical_padding":"hide","_kad_post_feature":"hide","_kad_post_feature_position":"","_kad_post_header":false,"_kad_post_footer":false,"footnotes":""},"class_list":["post-1567","page","type-page","status-publish","hentry"],"taxonomy_info":[],"featured_image_src_large":false,"author_info":{"display_name":"admin","author_link":"https:\/\/methisotel.com\/en\/author\/deryah_35ksk\/"},"comment_info":0,"_links":{"self":[{"href":"https:\/\/methisotel.com\/en\/wp-json\/wp\/v2\/pages\/1567","targetHints":{"allow":["GET"]}}],"collection":[{"href":"https:\/\/methisotel.com\/en\/wp-json\/wp\/v2\/pages"}],"about":[{"href":"https:\/\/methisotel.com\/en\/wp-json\/wp\/v2\/types\/page"}],"author":[{"embeddable":true,"href":"https:\/\/methisotel.com\/en\/wp-json\/wp\/v2\/users\/1"}],"replies":[{"embeddable":true,"href":"https:\/\/methisotel.com\/en\/wp-json\/wp\/v2\/comments?post=1567"}],"version-history":[{"count":20,"href":"https:\/\/methisotel.com\/en\/wp-json\/wp\/v2\/pages\/1567\/revisions"}],"predecessor-version":[{"id":1806,"href":"https:\/\/methisotel.com\/en\/wp-json\/wp\/v2\/pages\/1567\/revisions\/1806"}],"wp:attachment":[{"href":"https:\/\/methisotel.com\/en\/wp-json\/wp\/v2\/media?parent=1567"}],"curies":[{"name":"wp","href":"https:\/\/api.w.org\/{rel}","templated":true}]}}